{"id":291,"date":"2014-08-23T19:24:31","date_gmt":"2014-08-23T17:24:31","guid":{"rendered":"http:\/\/www.vesab.de\/wpbaltic\/?page_id=291"},"modified":"2024-02-01T16:21:50","modified_gmt":"2024-02-01T14:21:50","slug":"kontakt","status":"publish","type":"page","link":"https:\/\/www.vesab.de\/wpvesab\/kontakt\/","title":{"rendered":"Impressum"},"content":{"rendered":"<h4>Verantwortlicher nach\u00a0\u00a7 5 TMG (Telemediengesetz)<\/h4>\n<p><img loading=\"lazy\" decoding=\"async\" class=\"alignnone wp-image-12492\" src=\"https:\/\/www.vesab.de\/wpvesab\/wp-content\/uploads\/kontakt_vesab.png\" alt=\"\" width=\"146\" height=\"73\" \/><\/p>\n<p>&nbsp;<\/p>\n<div class=\"entry-content\">\n<p><em>Haftungshinweis:\u00a0<\/em><\/p>\n<p><em> vesab.de (Betreiber der Website) ist darum bem\u00fcht, dass die auf den Websites enthaltenen Informationen und Daten zutreffend sind. Eine Haftung oder Garantie f\u00fcr die Aktualit\u00e4t, Richtigkeit und Vollst\u00e4ndigkeit der zur Verf\u00fcgung gestellten Informationen und Daten ist jedoch ausgeschlossen. Dies gilt ebenso f\u00fcr alle anderen Websites, auf die mittels eines Hyperlinks verwiesen wird. Der Betreiber ist f\u00fcr den Inhalt solcher Websites, die mittels einer solchen Verbindung erreicht werden, ebenfalls nicht verantwortlich. Der Betreiber beh\u00e4lt sich vor, ohne Ank\u00fcndigung \u00c4nderungen oder Erg\u00e4nzungen der bereitgestellten Informationen oder Daten vorzunehmen.<\/em><\/p>\n<p>&nbsp;<\/p>\n<div class=\"page\" title=\"Page 13\">\n<div class=\"layoutArea\">\n<div class=\"column\">\n<h4>Abmahnungsbestimmungen<\/h4>\n<p><em>Sollte irgendwelcher Inhalt oder die design-technische Gestaltung einzelner Seiten oder Teile\u00a0dieser Internetseite fremde Rechte Dritter oder gesetzliche Bestimmungen verletzen oder anderweitig in irgendeiner Form wettbewerbsrechtliche Probleme hervorbringen, so bitten wir unter Berufung auf \u00a7 8 Abs. 4 UWG, um eine angemessene, ausreichend erla\u0308uternde und schnelle Nachricht ohne Kostennote.\u00a0Dennoch von Ihnen ohne vorherige Kontaktaufnahme ausgelo\u0308ste Kosten werden wir ga\u0308nzlich zuru\u0308ckweisen und gegebenenfalls Gegenklage wegen Verletzung vorgenannter Bestimmungen einreichen.<\/em><\/p>\n<\/div>\n<\/div>\n<\/div>\n<\/div>\n<p>&nbsp;<\/p>\n<p><strong>Affiliate Links<\/strong><\/p>\n<p>Als Amazon-Partner verdiene ich an qualifizierten Verk\u00e4ufen. Affiliate Links sind entsprechend gekennzeichnet.<\/p>\n","protected":false},"excerpt":{"rendered":"<p>Verantwortlicher nach\u00a0\u00a7 5 TMG (Telemediengesetz) &nbsp; Haftungshinweis:\u00a0 vesab.de (Betreiber der Website) ist darum bem\u00fcht, dass die auf den Websites enthaltenen Informationen und Daten zutreffend sind. Eine Haftung oder Garantie f\u00fcr die Aktualit\u00e4t, Richtigkeit und&#46;&#46;&#46;<\/p>\n","protected":false},"author":2,"featured_media":0,"parent":0,"menu_order":100,"comment_status":"closed","ping_status":"closed","template":"","meta":{"footnotes":""},"class_list":["post-291","page","type-page","status-publish","hentry"],"_links":{"self":[{"href":"https:\/\/www.vesab.de\/wpvesab\/wp-json\/wp\/v2\/pages\/291","targetHints":{"allow":["GET"]}}],"collection":[{"href":"https:\/\/www.vesab.de\/wpvesab\/wp-json\/wp\/v2\/pages"}],"about":[{"href":"https:\/\/www.vesab.de\/wpvesab\/wp-json\/wp\/v2\/types\/page"}],"author":[{"embeddable":true,"href":"https:\/\/www.vesab.de\/wpvesab\/wp-json\/wp\/v2\/users\/2"}],"replies":[{"embeddable":true,"href":"https:\/\/www.vesab.de\/wpvesab\/wp-json\/wp\/v2\/comments?post=291"}],"version-history":[{"count":5,"href":"https:\/\/www.vesab.de\/wpvesab\/wp-json\/wp\/v2\/pages\/291\/revisions"}],"predecessor-version":[{"id":12502,"href":"https:\/\/www.vesab.de\/wpvesab\/wp-json\/wp\/v2\/pages\/291\/revisions\/12502"}],"wp:attachment":[{"href":"https:\/\/www.vesab.de\/wpvesab\/wp-json\/wp\/v2\/media?parent=291"}],"curies":[{"name":"wp","href":"https:\/\/api.w.org\/{rel}","templated":true}]}}