{"id":367,"date":"2014-08-25T16:42:15","date_gmt":"2014-08-25T14:42:15","guid":{"rendered":"http:\/\/www.vesab.de\/wpvesab\/?page_id=367"},"modified":"2020-06-25T13:04:22","modified_gmt":"2020-06-25T11:04:22","slug":"outdoor","status":"publish","type":"page","link":"https:\/\/www.vesab.de\/wpvesab\/outdoor\/","title":{"rendered":"Outdoor"},"content":{"rendered":"<p>Unter dieser Rubrik werde ich alle Themen sammeln, die mit dem Outdoorleben zusammen h\u00e4ngen und nicht in anderen Kategorien zu finden sind. Darunter fallen Lampen, GPS-Ger\u00e4te, Messer, Zelte, Schlafs\u00e4cke, Kocher und andere Outdoorsachen. Das Outdoorthema <a title=\"seilklettern\" href=\"http:\/\/www.vesab.de\/wpvesab\/service\/\">Seilklettern<\/a> hat eine eigene Rubrik bekommen. Dort ist auch alles \u00fcber <a title=\"Knoten\" href=\"http:\/\/www.vesab.de\/wpvesab\/category\/outdoor\/knoten\/\">Knoten<\/a> zu finden.<\/p>\n<p>&nbsp;<\/p>\n<p><a title=\"Doppelter Spierenstich\" href=\"http:\/\/www.vesab.de\/wpvesab\/outdoor\/skt\/doppelter-spierenstich-3766\/\"><img loading=\"lazy\" decoding=\"async\" class=\"alignnone size-full wp-image-3764\" src=\"http:\/\/www.vesab.de\/wpvesab\/wp-content\/uploads\/seilklettern_knoten_doppelter_spierenstich_07.jpg\" alt=\"seilklettern_knoten_doppelter_spierenstich_07\" width=\"700\" height=\"197\" srcset=\"https:\/\/www.vesab.de\/wpvesab\/wp-content\/uploads\/seilklettern_knoten_doppelter_spierenstich_07.jpg 700w, https:\/\/www.vesab.de\/wpvesab\/wp-content\/uploads\/seilklettern_knoten_doppelter_spierenstich_07-300x84.jpg 300w\" sizes=\"auto, (max-width: 700px) 100vw, 700px\" \/><\/a><\/p>\n<p>Kn\u00fcpfen des <a title=\"Doppelter Spierenstich\" href=\"http:\/\/www.vesab.de\/wpvesab\/outdoor\/skt\/doppelter-spierenstich-3766\/\">Doppelten Spierenstichs<\/a><\/p>\n<p>&nbsp;<\/p>\n<p>GPS-Ger\u00e4te waren einige Zeit Exoten &#8211; mittlerweile gibt es so etwas in jedem besseren Smartphone. Trotzdem sind die handlichen Outdoorger\u00e4te weitaus vorteilhafter als ein Telefon.<\/p>\n<p><a title=\"Garmin GPSmap 60C\" href=\"http:\/\/www.vesab.de\/wpvesab\/outdoor\/garmin-gpsmap-60c-3163\/\"><img loading=\"lazy\" decoding=\"async\" class=\"alignnone wp-image-450\" src=\"http:\/\/www.vesab.de\/wpvesab\/wp-content\/uploads\/gps_lampen_startseite_01.jpg\" alt=\"gps_lampen_startseite_01\" width=\"296\" height=\"438\" \/><\/a><\/p>\n<p>z.B. das <a title=\"Garmin GPSmap 60C\" href=\"http:\/\/www.vesab.de\/wpvesab\/outdoor\/garmin-gpsmap-60c-3163\/\">GPSmap 60C<\/a><\/p>\n<p>&nbsp;<\/p>\n<p>Lampen k\u00f6nnen sehr vielf\u00e4ltig sein &#8211; ob H\u00f6hlenlampe, Fahrradscheinwerfer, Unterwasserleuchte oder UV-Lampe &#8211; ein weites Feld mit teilweise sehr starken LED-Leuchten, die die Nacht zum Tage machen.<\/p>\n<p>&nbsp;<\/p>\n<p><a title=\"H\u00f6hlenlampe Scurion\" href=\"http:\/\/www.vesab.de\/wpvesab\/lampen\/hoehlenlampe-scurion-1726\/\"><img loading=\"lazy\" decoding=\"async\" class=\"alignnone wp-image-452\" src=\"http:\/\/www.vesab.de\/wpvesab\/wp-content\/uploads\/gps_lampen_startseite_02.jpg\" alt=\"gps_lampen_startseite_02\" width=\"492\" height=\"335\" \/><\/a><\/p>\n<p>z.B. die H\u00f6hlenlampe <a title=\"H\u00f6hlenlampe Scurion\" href=\"http:\/\/www.vesab.de\/wpvesab\/lampen\/hoehlenlampe-scurion-1726\/\">Scurion<\/a><\/p>\n<p>&nbsp;<\/p>\n<p><img loading=\"lazy\" decoding=\"async\" class=\"alignnone wp-image-3022\" src=\"http:\/\/www.vesab.de\/wpvesab\/wp-content\/uploads\/lampen_petromax_02.jpg\" alt=\"lampen_petromax_02\" width=\"493\" height=\"329\" srcset=\"https:\/\/www.vesab.de\/wpvesab\/wp-content\/uploads\/lampen_petromax_02.jpg 700w, https:\/\/www.vesab.de\/wpvesab\/wp-content\/uploads\/lampen_petromax_02-300x200.jpg 300w\" sizes=\"auto, (max-width: 493px) 100vw, 493px\" \/><\/p>\n<p>oder die Sanierung einer <a href=\"http:\/\/www.vesab.de\/wpvesab\/selbstbau\/petromax-hk-500-3015\/\">Petromax 500<\/a><\/p>\n<p>&nbsp;<\/p>\n<p>Messer k\u00f6nnen aus dem Outdoorleben nicht ausgeklammert werden &#8211; jeder hat drau\u00dfen so ein Teil mit.<\/p>\n<p><a title=\"Benchmade Nakamura\" href=\"http:\/\/www.vesab.de\/wpvesab\/outdoor\/benchmade-nakamura-3102\/\"><img loading=\"lazy\" decoding=\"async\" class=\"alignnone wp-image-3101\" src=\"http:\/\/www.vesab.de\/wpvesab\/wp-content\/uploads\/outdoor_messer_benchmade_nakamura_09.jpg\" alt=\"outdoor_messer_benchmade_nakamura_09\" width=\"493\" height=\"333\" \/><\/a><\/p>\n<p>z.B. das <a title=\"Benchmade Nakamura\" href=\"http:\/\/www.vesab.de\/wpvesab\/outdoor\/benchmade-nakamura-3102\/\">Benchmade Nakamura<\/a><\/p>\n<p>&nbsp;<\/p>\n<p><img loading=\"lazy\" decoding=\"async\" class=\"alignnone wp-image-5314\" src=\"http:\/\/www.vesab.de\/wpvesab\/wp-content\/uploads\/messer_puma_hunter_05.jpg\" alt=\"messer_puma_hunter_05\" width=\"493\" height=\"329\" srcset=\"https:\/\/www.vesab.de\/wpvesab\/wp-content\/uploads\/messer_puma_hunter_05.jpg 799w, https:\/\/www.vesab.de\/wpvesab\/wp-content\/uploads\/messer_puma_hunter_05-300x200.jpg 300w\" sizes=\"auto, (max-width: 493px) 100vw, 493px\" \/><\/p>\n<p>oder das <a href=\"http:\/\/www.vesab.de\/wpvesab\/outdoor\/puma-hunters-companion-5309\/\">Puma Hunter&#8217;s Companion<\/a><\/p>\n<p>&nbsp;<\/p>\n<p>Aber auch Kocher f\u00fcr das Outdoorleben:<\/p>\n<p>&nbsp;<\/p>\n<p><img loading=\"lazy\" decoding=\"async\" class=\"alignnone wp-image-3834\" src=\"http:\/\/www.vesab.de\/wpvesab\/wp-content\/uploads\/outdoor_kocher_wintertest_01.jpg\" alt=\"outdoor_kocher_wintertest_01\" width=\"493\" height=\"324\" srcset=\"https:\/\/www.vesab.de\/wpvesab\/wp-content\/uploads\/outdoor_kocher_wintertest_01.jpg 800w, https:\/\/www.vesab.de\/wpvesab\/wp-content\/uploads\/outdoor_kocher_wintertest_01-300x196.jpg 300w\" sizes=\"auto, (max-width: 493px) 100vw, 493px\" \/><\/p>\n<p><a href=\"http:\/\/www.vesab.de\/wpvesab\/outdoor\/outdoor-kocher-teil-16-3826\/\">Kochertest<\/a> in Norwegen<\/p>\n<p><a href=\"http:\/\/www.vesab.de\/wpvesab\/outdoor\/outdoor-kocher-teil-26-4285\/\">Gaskocher<\/a>, <a href=\"http:\/\/www.vesab.de\/wpvesab\/outdoor\/outdoor-kocher-teil-35-5396\/\">Benzinkocher<\/a>, <a href=\"http:\/\/www.vesab.de\/wpvesab\/outdoor\/outdoor-kocher-teil-35-5396\/\">Multifuelkocher<\/a>, <a href=\"http:\/\/www.vesab.de\/wpvesab\/outdoor\/outdoor-kocher-teil-45-5403\/\">Spirituskocher<\/a><\/p>\n","protected":false},"excerpt":{"rendered":"<p>Unter dieser Rubrik werde ich alle Themen sammeln, die mit dem Outdoorleben zusammen h\u00e4ngen und nicht in anderen Kategorien zu finden sind. Darunter fallen Lampen, GPS-Ger\u00e4te, Messer, Zelte, Schlafs\u00e4cke, Kocher und andere Outdoorsachen. Das&#46;&#46;&#46;<\/p>\n","protected":false},"author":2,"featured_media":0,"parent":0,"menu_order":6,"comment_status":"closed","ping_status":"closed","template":"","meta":{"footnotes":""},"class_list":["post-367","page","type-page","status-publish","hentry"],"_links":{"self":[{"href":"https:\/\/www.vesab.de\/wpvesab\/wp-json\/wp\/v2\/pages\/367","targetHints":{"allow":["GET"]}}],"collection":[{"href":"https:\/\/www.vesab.de\/wpvesab\/wp-json\/wp\/v2\/pages"}],"about":[{"href":"https:\/\/www.vesab.de\/wpvesab\/wp-json\/wp\/v2\/types\/page"}],"author":[{"embeddable":true,"href":"https:\/\/www.vesab.de\/wpvesab\/wp-json\/wp\/v2\/users\/2"}],"replies":[{"embeddable":true,"href":"https:\/\/www.vesab.de\/wpvesab\/wp-json\/wp\/v2\/comments?post=367"}],"version-history":[{"count":0,"href":"https:\/\/www.vesab.de\/wpvesab\/wp-json\/wp\/v2\/pages\/367\/revisions"}],"wp:attachment":[{"href":"https:\/\/www.vesab.de\/wpvesab\/wp-json\/wp\/v2\/media?parent=367"}],"curies":[{"name":"wp","href":"https:\/\/api.w.org\/{rel}","templated":true}]}}