{"id":369,"date":"2014-08-25T16:43:57","date_gmt":"2014-08-25T14:43:57","guid":{"rendered":"http:\/\/www.vesab.de\/wpvesab\/?page_id=369"},"modified":"2022-08-16T19:25:24","modified_gmt":"2022-08-16T17:25:24","slug":"fahrzeuge","status":"publish","type":"page","link":"https:\/\/www.vesab.de\/wpvesab\/fahrzeuge\/","title":{"rendered":"fahrzeuge"},"content":{"rendered":"<p>Auf meinen Seiten habe ich Themen \u00fcber meine Fahrzeuge (alt und aktuell):<\/p>\n<ul>\n<li>Bulli VW T4<\/li>\n<li>Unimog 1300<\/li>\n<li>Landrover Defender<\/li>\n<li>Motorr\u00e4der<\/li>\n<li>Daimler Benz Bremer 208 D<\/li>\n<li>weitere Fahrzeuge und MTB<\/li>\n<\/ul>\n<p>&nbsp;<\/p>\n<p><a href=\"https:\/\/www.vesab.de\/wpvesab\/bulli_vw_t4\/\">Hier geht es zur Bulli-T4-Seite.<\/a><\/p>\n<p><img decoding=\"async\" class=\"alignnone wp-image-9891\" src=\"https:\/\/www.vesab.de\/wpvesab\/wp-content\/uploads\/billi_360x180_01-scaled-e1641556943967.jpg\" \/><\/p>\n<p>&nbsp;<\/p>\n<p><a title=\"Motorrad\" href=\"http:\/\/www.vesab.de\/wpvesab\/motorrad-2\/\">F\u00fcr das Thema Motorr\u00e4der gibt es eine eigene Seite.<\/a><\/p>\n<p>&nbsp;<\/p>\n<p><img loading=\"lazy\" decoding=\"async\" class=\"alignnone wp-image-4085\" src=\"http:\/\/www.vesab.de\/wpvesab\/wp-content\/uploads\/fahrzeuge_motorrad_ktm_exc_450R_01.jpg\" alt=\"fahrzeuge_motorrad_ktm_exc_450R_01\" width=\"600\" height=\"450\" srcset=\"https:\/\/www.vesab.de\/wpvesab\/wp-content\/uploads\/fahrzeuge_motorrad_ktm_exc_450R_01.jpg 800w, https:\/\/www.vesab.de\/wpvesab\/wp-content\/uploads\/fahrzeuge_motorrad_ktm_exc_450R_01-300x225.jpg 300w\" sizes=\"auto, (max-width: 600px) 100vw, 600px\" \/><\/p>\n<p>EXC 450<\/p>\n<p>&nbsp;<\/p>\n<p>Mein\u00a0<a title=\"Landrover\" href=\"http:\/\/www.vesab.de\/wpvesab\/?cat=47\">Landrover Defender<\/a> &#8211; den ich fast komplett sanieren musste.<\/p>\n<p>&nbsp;<\/p>\n<p><img loading=\"lazy\" decoding=\"async\" class=\"alignnone wp-image-3889\" src=\"http:\/\/www.vesab.de\/wpvesab\/wp-content\/uploads\/fahrzeuge_landrover_defender_td5_01.jpg\" alt=\"fahrzeuge_landrover_defender_td5_01\" width=\"600\" height=\"450\" srcset=\"https:\/\/www.vesab.de\/wpvesab\/wp-content\/uploads\/fahrzeuge_landrover_defender_td5_01.jpg 800w, https:\/\/www.vesab.de\/wpvesab\/wp-content\/uploads\/fahrzeuge_landrover_defender_td5_01-300x225.jpg 300w\" sizes=\"auto, (max-width: 600px) 100vw, 600px\" \/><\/p>\n<p>Landy im Einsatz<\/p>\n<p>&nbsp;<\/p>\n<p>Auf jeden Fall wird meine <a title=\"Bus\" href=\"http:\/\/www.vesab.de\/wpvesab\/?cat=48\">Minna<\/a> erw\u00e4hnt &#8211; ein alter 208D, der als <a title=\"Bus\" href=\"http:\/\/www.vesab.de\/wpvesab\/?cat=48\">Busausbau<\/a>\u00a0fast 100.000 Kilometer Reisen mitgemacht hat.<\/p>\n<p>&nbsp;<\/p>\n<p><a title=\"Bus\" href=\"http:\/\/www.vesab.de\/wpvesab\/?cat=48\"><img loading=\"lazy\" decoding=\"async\" class=\"alignnone size-full wp-image-446\" src=\"http:\/\/www.vesab.de\/wpvesab\/wp-content\/uploads\/fahrzeuge_startseite_02.jpg\" alt=\"fahrzeuge_startseite_02\" width=\"600\" height=\"450\" srcset=\"https:\/\/www.vesab.de\/wpvesab\/wp-content\/uploads\/fahrzeuge_startseite_02.jpg 600w, https:\/\/www.vesab.de\/wpvesab\/wp-content\/uploads\/fahrzeuge_startseite_02-300x225.jpg 300w\" sizes=\"auto, (max-width: 600px) 100vw, 600px\" \/><\/a><\/p>\n<p>208D aka &#8218;Minna&#8216; &#8211; hier in Norwegen auf gro\u00dfer Fahrt<\/p>\n<p>&nbsp;<\/p>\n<p>Auch der <a href=\"http:\/\/www.vesab.de\/wpvesab\/fahrzeuge\/der-unimog-435-4941\/\">Unimog<\/a> ist vertreten.<\/p>\n<p>&nbsp;<\/p>\n<p><a href=\"http:\/\/www.vesab.de\/wpvesab\/fahrzeuge\/der-unimog-435-4941\/\"><img loading=\"lazy\" decoding=\"async\" class=\"alignnone size-full wp-image-4904\" src=\"http:\/\/www.vesab.de\/wpvesab\/wp-content\/uploads\/unimog1300_forum_01.jpg\" alt=\"unimog1300_forum_01\" width=\"600\" height=\"450\" srcset=\"https:\/\/www.vesab.de\/wpvesab\/wp-content\/uploads\/unimog1300_forum_01.jpg 600w, https:\/\/www.vesab.de\/wpvesab\/wp-content\/uploads\/unimog1300_forum_01-300x225.jpg 300w\" sizes=\"auto, (max-width: 600px) 100vw, 600px\" \/><\/a><\/p>\n<p>&nbsp;<\/p>\n<p>Auch ganz alte Sachen habe ich wieder aufgew\u00e4rmt:<\/p>\n<p><img loading=\"lazy\" decoding=\"async\" class=\"alignnone size-full wp-image-1398\" src=\"http:\/\/www.vesab.de\/wpvesab\/wp-content\/uploads\/fahrzeuge_auto_S100_01.jpg\" alt=\"fahrzeuge_auto_S100_01\" width=\"600\" height=\"400\" srcset=\"https:\/\/www.vesab.de\/wpvesab\/wp-content\/uploads\/fahrzeuge_auto_S100_01.jpg 600w, https:\/\/www.vesab.de\/wpvesab\/wp-content\/uploads\/fahrzeuge_auto_S100_01-300x200.jpg 300w\" sizes=\"auto, (max-width: 600px) 100vw, 600px\" \/><\/p>\n<p><a title=\"Skoda 1000 MB anno 1986\" href=\"http:\/\/www.vesab.de\/wpvesab\/storys\/skoda-1000-mb-anno-1986-1422\/\">Sanierung im Jahre 1986 &#8211; Skoda 1000 MB<\/a><\/p>\n<p>&nbsp;<\/p>\n<p>Au\u00dferdem alles, was sonst noch so f\u00e4hrt &#8211; z.B. Fahrr\u00e4der \ud83d\ude09<\/p>\n<p><img loading=\"lazy\" decoding=\"async\" class=\"alignnone size-full wp-image-447\" src=\"http:\/\/www.vesab.de\/wpvesab\/wp-content\/uploads\/fahrzeuge_startseite_03.jpg\" alt=\"fahrzeuge_startseite_03\" width=\"600\" height=\"401\" srcset=\"https:\/\/www.vesab.de\/wpvesab\/wp-content\/uploads\/fahrzeuge_startseite_03.jpg 600w, https:\/\/www.vesab.de\/wpvesab\/wp-content\/uploads\/fahrzeuge_startseite_03-300x200.jpg 300w\" sizes=\"auto, (max-width: 600px) 100vw, 600px\" \/><\/p>\n","protected":false},"excerpt":{"rendered":"<p>Auf meinen Seiten habe ich Themen \u00fcber meine Fahrzeuge (alt und aktuell): Bulli VW T4 Unimog 1300 Landrover Defender Motorr\u00e4der Daimler Benz Bremer 208 D weitere Fahrzeuge und MTB &nbsp; Hier geht es zur&#46;&#46;&#46;<\/p>\n","protected":false},"author":2,"featured_media":0,"parent":0,"menu_order":5,"comment_status":"closed","ping_status":"closed","template":"","meta":{"footnotes":""},"class_list":["post-369","page","type-page","status-publish","hentry"],"_links":{"self":[{"href":"https:\/\/www.vesab.de\/wpvesab\/wp-json\/wp\/v2\/pages\/369","targetHints":{"allow":["GET"]}}],"collection":[{"href":"https:\/\/www.vesab.de\/wpvesab\/wp-json\/wp\/v2\/pages"}],"about":[{"href":"https:\/\/www.vesab.de\/wpvesab\/wp-json\/wp\/v2\/types\/page"}],"author":[{"embeddable":true,"href":"https:\/\/www.vesab.de\/wpvesab\/wp-json\/wp\/v2\/users\/2"}],"replies":[{"embeddable":true,"href":"https:\/\/www.vesab.de\/wpvesab\/wp-json\/wp\/v2\/comments?post=369"}],"version-history":[{"count":1,"href":"https:\/\/www.vesab.de\/wpvesab\/wp-json\/wp\/v2\/pages\/369\/revisions"}],"predecessor-version":[{"id":10451,"href":"https:\/\/www.vesab.de\/wpvesab\/wp-json\/wp\/v2\/pages\/369\/revisions\/10451"}],"wp:attachment":[{"href":"https:\/\/www.vesab.de\/wpvesab\/wp-json\/wp\/v2\/media?parent=369"}],"curies":[{"name":"wp","href":"https:\/\/api.w.org\/{rel}","templated":true}]}}