{"id":373,"date":"2014-08-25T16:46:52","date_gmt":"2014-08-25T14:46:52","guid":{"rendered":"http:\/\/www.vesab.de\/wpvesab\/?page_id=373"},"modified":"2025-08-29T13:53:09","modified_gmt":"2025-08-29T11:53:09","slug":"amateurfunk","status":"publish","type":"page","link":"https:\/\/www.vesab.de\/wpvesab\/amateurfunk\/","title":{"rendered":"Amateurfunk"},"content":{"rendered":"<p><a title=\"Amateurfunk\" href=\"http:\/\/www.vesab.de\/wpvesab\/?cat=100\">Amateurfunk<\/a> mutet ungef\u00e4hr so anachronistisch an, wie analoge Fotografie &#8211; deshalb mag ich die Technik und die weltumspannende Kommunikationsm\u00f6glichkeit mit einfachen Mitteln. Ein paar Aspekte will ich Euch auch hierzu nicht vorenthalten.<\/p>\n<h2><span style=\"color: #ff0000;\">Am einfachsten nach den Schl\u00fcsselw\u00f6rtern suchen: Amateurfunk, Funk, Notfunk, Antennen, Dipol, Vertikal, TRX<\/span><\/h2>\n<p>&nbsp;<\/p>\n<p>Auf meinem YouTube-Kanal gibt es zahlreiche Videos zum Thema Amateurfunk, Notfunk, POTA\/SOTA und mehr:<\/p>\n<p><a href=\"https:\/\/www.youtube.com\/@vprojekteFunk\" target=\"_blank\" rel=\"noopener\"><img loading=\"lazy\" decoding=\"async\" class=\"wp-image-13999 size-full\" src=\"https:\/\/www.vesab.de\/wpvesab\/wp-content\/uploads\/yt_funk.jpg\" alt=\"\" width=\"1200\" height=\"686\" srcset=\"https:\/\/www.vesab.de\/wpvesab\/wp-content\/uploads\/yt_funk.jpg 1200w, https:\/\/www.vesab.de\/wpvesab\/wp-content\/uploads\/yt_funk-300x172.jpg 300w, https:\/\/www.vesab.de\/wpvesab\/wp-content\/uploads\/yt_funk-768x439.jpg 768w, https:\/\/www.vesab.de\/wpvesab\/wp-content\/uploads\/yt_funk-720x412.jpg 720w, https:\/\/www.vesab.de\/wpvesab\/wp-content\/uploads\/yt_funk-520x297.jpg 520w, https:\/\/www.vesab.de\/wpvesab\/wp-content\/uploads\/yt_funk-320x183.jpg 320w\" sizes=\"auto, (max-width: 1200px) 100vw, 1200px\" \/><\/a><\/p>\n<p>&nbsp;<\/p>\n<p><a title=\"SE 6861\/12mod manpack\" href=\"http:\/\/www.vesab.de\/wpvesab\/funk\/se-686112mod-manpack-3381\/\"><img loading=\"lazy\" decoding=\"async\" class=\"alignnone size-full wp-image-3364\" src=\"http:\/\/www.vesab.de\/wpvesab\/wp-content\/uploads\/amateurfunk_se6861_12mod_03.jpg\" alt=\"amateurfunk_se6861_12mod_03\" width=\"800\" height=\"297\" srcset=\"https:\/\/www.vesab.de\/wpvesab\/wp-content\/uploads\/amateurfunk_se6861_12mod_03.jpg 800w, https:\/\/www.vesab.de\/wpvesab\/wp-content\/uploads\/amateurfunk_se6861_12mod_03-300x111.jpg 300w\" sizes=\"auto, (max-width: 800px) 100vw, 800px\" \/><\/a><\/p>\n<p><a title=\"SE 6861\/12mod manpack\" href=\"http:\/\/www.vesab.de\/wpvesab\/funk\/se-686112mod-manpack-3381\/\">manpack AEG\/Telefunken SE 6861\/12mod<\/a><\/p>\n<p>&nbsp;<\/p>\n<p><a title=\"Yaesu VX-8DE\" href=\"http:\/\/www.vesab.de\/wpvesab\/selbstbau\/yaesu-vx-8de-3268\/\"><img loading=\"lazy\" decoding=\"async\" class=\"alignnone size-full wp-image-456\" src=\"http:\/\/www.vesab.de\/wpvesab\/wp-content\/uploads\/amateurfunk_startseite_01.jpg\" alt=\"amateurfunk_startseite_01\" width=\"600\" height=\"400\" srcset=\"https:\/\/www.vesab.de\/wpvesab\/wp-content\/uploads\/amateurfunk_startseite_01.jpg 600w, https:\/\/www.vesab.de\/wpvesab\/wp-content\/uploads\/amateurfunk_startseite_01-300x200.jpg 300w\" sizes=\"auto, (max-width: 600px) 100vw, 600px\" \/><\/a><\/p>\n<p><a title=\"Yaesu VX-8DE\" href=\"http:\/\/www.vesab.de\/wpvesab\/selbstbau\/yaesu-vx-8de-3268\/\">Handfunkger\u00e4t Yaesu VX-8DE<\/a><\/p>\n<p>&nbsp;<\/p>\n<p>Es geht in dieser Kategorie um Dinge, wie Antennen- und Mastbau, Funkger\u00e4te und Hilfsmittel, die den Amateurfunk leichter machen. Nach und nach werde ich die Kategorie f\u00fcllen und meine Projekte und Ger\u00e4te vorstellen.<\/p>\n<p>&nbsp;<\/p>\n<p>Hier nur einige Beispiele (nicht vollst\u00e4ndig):<\/p>\n<ul>\n<li><a title=\"Antennen-Masthalterung klappbar\" href=\"http:\/\/www.vesab.de\/wpvesab\/selbstbau\/antennen-masthalterung-klappbar-2988\/\">Masthalterung klappbar f\u00fcr KFZ bauen<\/a><\/li>\n<li><a title=\"Masthalter TD5\" href=\"http:\/\/www.vesab.de\/wpvesab\/fahrzeuge\/masthalter-td5-3322\/\">Masthalter f\u00fcr Landrover Defender f\u00fcr 10m-Steckmasten bauen<\/a><\/li>\n<li><a title=\"Akkupack f\u00fcr SE 6861\" href=\"http:\/\/www.vesab.de\/wpvesab\/selbstbau\/akkupack-fuer-se-6861-684\/\">Akkupack f\u00fcr manpack SE 6861 bauen<\/a><\/li>\n<li><a title=\"Antennenmast f\u00fcr Dach \u2013 freistehend\" href=\"http:\/\/www.vesab.de\/wpvesab\/selbstbau\/antennenmast-fuer-dach-freistehend-4542\/\">Mast f\u00fcr Flachdach &#8211; freistehend<\/a><\/li>\n<li><a title=\"Mobile Stromversorgung \u2013 Lipo-Akku\" href=\"http:\/\/www.vesab.de\/wpvesab\/selbstbau\/mobile-stromversorgung-lipo-akku-4565\/\">mobile Stromversorgung mit Solar und Lipo-Akku<\/a><\/li>\n<li><a title=\"Lifepo4-Akku bauen\" href=\"http:\/\/www.vesab.de\/wpvesab\/selbstbau\/lifepo4-akku-bauen-4640\/\">Lifepo4-Akkupack bauen<\/a><\/li>\n<li><a href=\"http:\/\/www.vesab.de\/wpvesab\/selbstbau\/erdungsbox-drachenantenne-6027\/\">Erdungsbox Drachenantenne bauen<\/a><\/li>\n<li><a href=\"http:\/\/www.vesab.de\/wpvesab\/selbstbau\/kenwood-ts-480-umbau-pl-buchse-6131\/\">Kenwood TS-480 Umbau PL-Buchse<\/a><\/li>\n<li><a href=\"http:\/\/www.vesab.de\/wpvesab\/funk\/toughbook-cf-31-fuer-funk-6151\/\">Panasonic Toughbook CF-31 f\u00fcr Funk<\/a><\/li>\n<li><a href=\"http:\/\/www.vesab.de\/wpvesab\/selbstbau\/huehnerleiter-6641\/\">Doppelzepp mit H\u00fchnerleiter<\/a><\/li>\n<li><a href=\"https:\/\/www.vesab.de\/wpvesab\/selbstbau\/doppelzepp_selbstbau-9732\/\">leichte Doppelzepp mit H\u00fchnerleiter und Balun<\/a><\/li>\n<li><a href=\"http:\/\/www.vesab.de\/wpvesab\/selbstbau\/notfunk-6005\/\">KW Notfunkstation<\/a><\/li>\n<li><a title=\"Download UV-5R Relaisfunk\" href=\"https:\/\/www.vesab.de\/wpvesab\/funk\/relaisfunk-uv-5r-9593\/\" rel=\"bookmark\">Download UV-5R Relaisfunk<\/a><\/li>\n<li><a href=\"https:\/\/www.vesab.de\/wpvesab\/funk\/mv-temp-table-long_range_shooting-2-2-2-9541\/\">Download UV-5R Notfallschnelleinstellung<\/a><\/li>\n<\/ul>\n<p>&nbsp;<\/p>\n<p>Das Thema <a href=\"http:\/\/www.vesab.de\/wpvesab\/selbstbau\/notfunk-6005\/\">Notfunk<\/a> nimmt immer mehr Raum ein. Unsere vernetzte Welt ist abh\u00e4ngig vom Strom &#8211; ist er nicht vorhanden, ben\u00f6tigt man R\u00fcckfallebenen f\u00fcr die Kommunikation.<\/p>\n<p>&nbsp;<\/p>\n<p><img loading=\"lazy\" decoding=\"async\" class=\"alignnone wp-image-5999\" src=\"http:\/\/www.vesab.de\/wpvesab\/wp-content\/uploads\/amateurfunk_qsl_usa1_01.jpg\" alt=\"amateurfunk_qsl_usa1_01\" width=\"600\" height=\"381\" srcset=\"https:\/\/www.vesab.de\/wpvesab\/wp-content\/uploads\/amateurfunk_qsl_usa1_01.jpg 800w, https:\/\/www.vesab.de\/wpvesab\/wp-content\/uploads\/amateurfunk_qsl_usa1_01-300x191.jpg 300w, https:\/\/www.vesab.de\/wpvesab\/wp-content\/uploads\/amateurfunk_qsl_usa1_01-768x488.jpg 768w\" sizes=\"auto, (max-width: 600px) 100vw, 600px\" \/><\/p>\n<p>&nbsp;<\/p>\n<p><img loading=\"lazy\" decoding=\"async\" class=\"alignnone wp-image-5998\" src=\"http:\/\/www.vesab.de\/wpvesab\/wp-content\/uploads\/amateurfunk_qsl_panama_01.jpg\" alt=\"amateurfunk_qsl_panama_01\" width=\"600\" height=\"385\" srcset=\"https:\/\/www.vesab.de\/wpvesab\/wp-content\/uploads\/amateurfunk_qsl_panama_01.jpg 800w, https:\/\/www.vesab.de\/wpvesab\/wp-content\/uploads\/amateurfunk_qsl_panama_01-300x192.jpg 300w, https:\/\/www.vesab.de\/wpvesab\/wp-content\/uploads\/amateurfunk_qsl_panama_01-768x492.jpg 768w\" sizes=\"auto, (max-width: 600px) 100vw, 600px\" \/><\/p>\n<p>&nbsp;<\/p>\n<p><img loading=\"lazy\" decoding=\"async\" class=\"alignnone size-full wp-image-3405\" src=\"http:\/\/www.vesab.de\/wpvesab\/wp-content\/uploads\/amateurfunk_qsl-karte_arab_01.jpg\" alt=\"amateurfunk_qsl-karte_arab_01\" width=\"600\" height=\"381\" srcset=\"https:\/\/www.vesab.de\/wpvesab\/wp-content\/uploads\/amateurfunk_qsl-karte_arab_01.jpg 600w, https:\/\/www.vesab.de\/wpvesab\/wp-content\/uploads\/amateurfunk_qsl-karte_arab_01-300x190.jpg 300w\" sizes=\"auto, (max-width: 600px) 100vw, 600px\" \/><\/p>\n","protected":false},"excerpt":{"rendered":"<p>Amateurfunk mutet ungef\u00e4hr so anachronistisch an, wie analoge Fotografie &#8211; deshalb mag ich die Technik und die weltumspannende Kommunikationsm\u00f6glichkeit mit einfachen Mitteln. Ein paar Aspekte will ich Euch auch hierzu nicht vorenthalten. Am einfachsten&#46;&#46;&#46;<\/p>\n","protected":false},"author":2,"featured_media":3373,"parent":0,"menu_order":7,"comment_status":"closed","ping_status":"closed","template":"","meta":{"footnotes":""},"class_list":["post-373","page","type-page","status-publish","has-post-thumbnail","hentry"],"_links":{"self":[{"href":"https:\/\/www.vesab.de\/wpvesab\/wp-json\/wp\/v2\/pages\/373","targetHints":{"allow":["GET"]}}],"collection":[{"href":"https:\/\/www.vesab.de\/wpvesab\/wp-json\/wp\/v2\/pages"}],"about":[{"href":"https:\/\/www.vesab.de\/wpvesab\/wp-json\/wp\/v2\/types\/page"}],"author":[{"embeddable":true,"href":"https:\/\/www.vesab.de\/wpvesab\/wp-json\/wp\/v2\/users\/2"}],"replies":[{"embeddable":true,"href":"https:\/\/www.vesab.de\/wpvesab\/wp-json\/wp\/v2\/comments?post=373"}],"version-history":[{"count":7,"href":"https:\/\/www.vesab.de\/wpvesab\/wp-json\/wp\/v2\/pages\/373\/revisions"}],"predecessor-version":[{"id":14005,"href":"https:\/\/www.vesab.de\/wpvesab\/wp-json\/wp\/v2\/pages\/373\/revisions\/14005"}],"wp:featuredmedia":[{"embeddable":true,"href":"https:\/\/www.vesab.de\/wpvesab\/wp-json\/wp\/v2\/media\/3373"}],"wp:attachment":[{"href":"https:\/\/www.vesab.de\/wpvesab\/wp-json\/wp\/v2\/media?parent=373"}],"curies":[{"name":"wp","href":"https:\/\/api.w.org\/{rel}","templated":true}]}}