{"id":3891,"date":"2014-11-08T01:47:45","date_gmt":"2014-11-07T23:47:45","guid":{"rendered":"http:\/\/www.vesab.de\/wpvesab\/?page_id=3891"},"modified":"2022-05-31T16:45:01","modified_gmt":"2022-05-31T14:45:01","slug":"landrover","status":"publish","type":"page","link":"https:\/\/www.vesab.de\/wpvesab\/landrover\/","title":{"rendered":"Landrover"},"content":{"rendered":"<h3>ein Kapitel f\u00fcr sich<\/h3>\n<p><img loading=\"lazy\" decoding=\"async\" class=\"alignnone size-full wp-image-1213\" src=\"http:\/\/www.vesab.de\/wpvesab\/wp-content\/uploads\/wassersport_kiten_saal_32.jpg\" alt=\"wassersport_kiten_saal_32\" width=\"533\" height=\"799\" srcset=\"https:\/\/www.vesab.de\/wpvesab\/wp-content\/uploads\/wassersport_kiten_saal_32.jpg 533w, https:\/\/www.vesab.de\/wpvesab\/wp-content\/uploads\/wassersport_kiten_saal_32-200x300.jpg 200w\" sizes=\"auto, (max-width: 533px) 100vw, 533px\" \/><\/p>\n<p>Wer einen Landy f\u00e4hrt, sollte auch schrauben wollen. Ein LR Defender ist nie ganz heil und nie ganz kaputt (Ausnahmen best\u00e4tigen die Regel). Unter dieser Rubrik habe ich ein paar Anleitungen zu meinem Defender TD5 versammelt:<\/p>\n<p>&nbsp;<\/p>\n<h3>Bauanleitungen\/Reparaturen<\/h3>\n<ul>\n<li><a href=\"http:\/\/www.vesab.de\/wpvesab\/fahrzeuge\/hinterachse-generalueberholung-4384\/\">Hinterache General\u00fcberholung<\/a><\/li>\n<li><a title=\"Radlager Defender TD5\" href=\"http:\/\/www.vesab.de\/wpvesab\/fahrzeuge\/radlager-defender-td5-1934\/\">Radlager Defender TD5 wechseln<\/a><\/li>\n<li><a title=\"Zylinderkopf TD5 wechseln \u2013 Teil 1\" href=\"http:\/\/www.vesab.de\/wpvesab\/fahrzeuge\/zylinderkopf-td5-wechseln-teil-1-3896\/\">Zylinderkopf wechseln &#8211; Teil 1 Ausbau<\/a><\/li>\n<li><a title=\"Zylinderkopf TD5 wechseln \u2013 Teil 2\" href=\"http:\/\/www.vesab.de\/wpvesab\/fahrzeuge\/zylinderkopf-td5-wechseln-teil-2-3964\/\">Zylinderkopf wechseln &#8211; Teil 2 Umbau des Kopfes<\/a><\/li>\n<li><a title=\"Zylinderkopf TD5 wechseln \u2013 Teil 2\" href=\"http:\/\/www.vesab.de\/wpvesab\/fahrzeuge\/zylinderkopf-td5-wechseln-teil-3-4156\/\">Zylinderkopf wechseln &#8211; Teil 3 Einbau des Kopfes<\/a><\/li>\n<li><a title=\"Injektor wechseln TD5\" href=\"http:\/\/www.vesab.de\/wpvesab\/fahrzeuge\/injektor-wechseln-td5-3933\/\">Pumpe-D\u00fcse-Einheit (Injektor) wechseln<\/a><\/li>\n<li><a title=\"Messuhrhalter TD5\" href=\"http:\/\/www.vesab.de\/wpvesab\/fahrzeuge\/messuhrhalter-td5-2573\/\">Messuhrhalter f\u00fcr Radlagerwechsel Defender TD5 bauen<\/a><\/li>\n<li><a title=\"Anlasser TD5 \u00fcberholen\" href=\"http:\/\/www.vesab.de\/wpvesab\/fahrzeuge\/anlasser-td5-ueberholen-3798\/\">Anlasser Defender TD5 \u00fcberholen (Kontakte wechseln)<\/a><\/li>\n<li><a title=\"Tempomat TD5\" href=\"http:\/\/www.vesab.de\/wpvesab\/fahrzeuge\/tempomat-td5-3195\/\">Tempomat Defender TD5 einbauen<\/a><\/li>\n<li><a title=\"Wechsel Lenkschloss TD5\" href=\"http:\/\/www.vesab.de\/wpvesab\/fahrzeuge\/wechsel-lenkschloss-td5-2761\/\">Lenkschloss Defender TD5 wechseln<\/a><\/li>\n<li><a title=\"Reparatur \u00d6lpumpe TD5\" href=\"http:\/\/www.vesab.de\/wpvesab\/fahrzeuge\/reparatur-oelpumpe-td5-613\/\">Reparatur \u00d6lpumpe Defender TD5<\/a><\/li>\n<li><a title=\"Revisionsklappe TD5\" href=\"http:\/\/www.vesab.de\/wpvesab\/fahrzeuge\/revisionsklappe-td5-3567\/\">Revisionsklappe f\u00fcr Dieself\u00f6rderpumpe Defender TD5 bauen<\/a><\/li>\n<li><a title=\"FB anlernen Nanocom TD5\" href=\"http:\/\/www.vesab.de\/wpvesab\/fahrzeuge\/fb-anlernen-nanocom-td5-2769\/\">Fernbedienung Defender TD5 mit Nanocomm anlernen<\/a><\/li>\n<li><a title=\"Tankabnehmer f\u00fcr Dieselheizung TD5\" href=\"http:\/\/www.vesab.de\/wpvesab\/fahrzeuge\/tankabnehmer-fuer-dieselheizung-td5-3993\/\">Tankabnehmer f\u00fcr Dieselheizung bauen<\/a><\/li>\n<li><a href=\"http:\/\/www.vesab.de\/wpvesab\/fahrzeuge\/gasdruckdaempfer-bilstein-fuer-defender-4514\/\">Bilstein D\u00e4mpfer<\/a><\/li>\n<\/ul>\n","protected":false},"excerpt":{"rendered":"<p>ein Kapitel f\u00fcr sich Wer einen Landy f\u00e4hrt, sollte auch schrauben wollen. Ein LR Defender ist nie ganz heil und nie ganz kaputt (Ausnahmen best\u00e4tigen die Regel). Unter dieser Rubrik habe ich ein paar&#46;&#46;&#46;<\/p>\n","protected":false},"author":2,"featured_media":1213,"parent":0,"menu_order":0,"comment_status":"open","ping_status":"open","template":"","meta":{"footnotes":""},"class_list":["post-3891","page","type-page","status-publish","has-post-thumbnail","hentry"],"_links":{"self":[{"href":"https:\/\/www.vesab.de\/wpvesab\/wp-json\/wp\/v2\/pages\/3891","targetHints":{"allow":["GET"]}}],"collection":[{"href":"https:\/\/www.vesab.de\/wpvesab\/wp-json\/wp\/v2\/pages"}],"about":[{"href":"https:\/\/www.vesab.de\/wpvesab\/wp-json\/wp\/v2\/types\/page"}],"author":[{"embeddable":true,"href":"https:\/\/www.vesab.de\/wpvesab\/wp-json\/wp\/v2\/users\/2"}],"replies":[{"embeddable":true,"href":"https:\/\/www.vesab.de\/wpvesab\/wp-json\/wp\/v2\/comments?post=3891"}],"version-history":[{"count":0,"href":"https:\/\/www.vesab.de\/wpvesab\/wp-json\/wp\/v2\/pages\/3891\/revisions"}],"wp:featuredmedia":[{"embeddable":true,"href":"https:\/\/www.vesab.de\/wpvesab\/wp-json\/wp\/v2\/media\/1213"}],"wp:attachment":[{"href":"https:\/\/www.vesab.de\/wpvesab\/wp-json\/wp\/v2\/media?parent=3891"}],"curies":[{"name":"wp","href":"https:\/\/api.w.org\/{rel}","templated":true}]}}