{"id":5016,"date":"2015-08-30T12:33:27","date_gmt":"2015-08-30T10:33:27","guid":{"rendered":"http:\/\/www.vesab.de\/wpvesab\/?page_id=5016"},"modified":"2020-06-25T13:03:08","modified_gmt":"2020-06-25T11:03:08","slug":"unimog","status":"publish","type":"page","link":"https:\/\/www.vesab.de\/wpvesab\/unimog\/","title":{"rendered":"Unimog"},"content":{"rendered":"<h3>Freiheit auf 4 R\u00e4dern<\/h3>\n<p>&nbsp;<\/p>\n<p><img loading=\"lazy\" decoding=\"async\" class=\"alignnone size-full wp-image-4942\" src=\"http:\/\/www.vesab.de\/wpvesab\/wp-content\/uploads\/fahrzeuge_unimog_revier_01.jpg\" alt=\"fahrzeuge_unimog_revier_01\" width=\"800\" height=\"600\" srcset=\"https:\/\/www.vesab.de\/wpvesab\/wp-content\/uploads\/fahrzeuge_unimog_revier_01.jpg 800w, https:\/\/www.vesab.de\/wpvesab\/wp-content\/uploads\/fahrzeuge_unimog_revier_01-300x225.jpg 300w\" sizes=\"auto, (max-width: 800px) 100vw, 800px\" \/><\/p>\n<p>&nbsp;<\/p>\n<p>&nbsp;<\/p>\n<p>Der Unimog als fahrbares Haus spaltet die Gem\u00fcter &#8211; die einen sagen, zu laut, zu gro\u00df, zu teuer, zu viel Verbrauch, zu langsam &#8211; die anderen sagen: egal.<\/p>\n<p>&nbsp;<\/p>\n<h3>Beitr\u00e4ge zum Unimog<\/h3>\n<ul>\n<li><a href=\"http:\/\/www.vesab.de\/wpvesab\/fahrzeuge\/der-unimog-435-4941\/\">Unimog 435<\/a><\/li>\n<li><a href=\"http:\/\/www.vesab.de\/wpvesab\/storys\/unimog-1300l-eindruecke-4819\/\">Fr\u00fchlingsfahrt mit dem Unimog 1300L<\/a><\/li>\n<li><a href=\"http:\/\/www.vesab.de\/wpvesab\/storys\/willys-36-fernreisemobiltreffen-5038\/\">36. Williys Fernreisemobiltreffen<\/a><\/li>\n<li><a href=\"http:\/\/www.vesab.de\/wpvesab\/selbstbau\/stabile-unterlage-fuer-wagenheber-5202\/\">Unterlage f\u00fcr Wagenheber basteln<\/a><\/li>\n<li><a href=\"http:\/\/www.vesab.de\/wpvesab\/fahrzeuge\/montagedorn-radnabe-unimog-5213\/\">Montagedorn f\u00fcr Radnabe selbst bauen<\/a><\/li>\n<li><a href=\"http:\/\/www.vesab.de\/wpvesab\/fahrzeuge\/unimog-435-vorgelege-abdichten-demontage-5247\/\">Vorgelege Unimog 435 abdichten &#8211; Demontage<\/a><\/li>\n<li><a href=\"http:\/\/www.vesab.de\/wpvesab\/fahrzeuge\/unimog-435-vorgelege-abdichten-montage-5160\/\">Vorgelege Unimog 435 abdichten &#8211; Montage<\/a><\/li>\n<li><a href=\"http:\/\/www.vesab.de\/wpvesab\/storys\/unimog-435-fahrerhaus-kippen-5711\/\">Fahrerhaus kippen Unimog 435<\/a><\/li>\n<li><a href=\"http:\/\/www.vesab.de\/wpvesab\/storys\/unimog-435-motor-ausbauen-5749\/\">Motor OM366A ausbauen<\/a><\/li>\n<li><a href=\"http:\/\/www.vesab.de\/wpvesab\/storys\/unimog-435-motorwechsel-om366a-auf-om352-5774\/\">Motorwechsel OM366A auf OM352<\/a><\/li>\n<\/ul>\n<p>&nbsp;<\/p>\n<p>&nbsp;<\/p>\n","protected":false},"excerpt":{"rendered":"<p>Freiheit auf 4 R\u00e4dern &nbsp; &nbsp; &nbsp; Der Unimog als fahrbares Haus spaltet die Gem\u00fcter &#8211; die einen sagen, zu laut, zu gro\u00df, zu teuer, zu viel Verbrauch, zu langsam &#8211; die anderen sagen:&#46;&#46;&#46;<\/p>\n","protected":false},"author":2,"featured_media":4942,"parent":0,"menu_order":0,"comment_status":"open","ping_status":"closed","template":"","meta":{"footnotes":""},"class_list":["post-5016","page","type-page","status-publish","has-post-thumbnail","hentry"],"_links":{"self":[{"href":"https:\/\/www.vesab.de\/wpvesab\/wp-json\/wp\/v2\/pages\/5016","targetHints":{"allow":["GET"]}}],"collection":[{"href":"https:\/\/www.vesab.de\/wpvesab\/wp-json\/wp\/v2\/pages"}],"about":[{"href":"https:\/\/www.vesab.de\/wpvesab\/wp-json\/wp\/v2\/types\/page"}],"author":[{"embeddable":true,"href":"https:\/\/www.vesab.de\/wpvesab\/wp-json\/wp\/v2\/users\/2"}],"replies":[{"embeddable":true,"href":"https:\/\/www.vesab.de\/wpvesab\/wp-json\/wp\/v2\/comments?post=5016"}],"version-history":[{"count":0,"href":"https:\/\/www.vesab.de\/wpvesab\/wp-json\/wp\/v2\/pages\/5016\/revisions"}],"wp:featuredmedia":[{"embeddable":true,"href":"https:\/\/www.vesab.de\/wpvesab\/wp-json\/wp\/v2\/media\/4942"}],"wp:attachment":[{"href":"https:\/\/www.vesab.de\/wpvesab\/wp-json\/wp\/v2\/media?parent=5016"}],"curies":[{"name":"wp","href":"https:\/\/api.w.org\/{rel}","templated":true}]}}