{"id":6526,"date":"2017-11-21T15:17:36","date_gmt":"2017-11-21T13:17:36","guid":{"rendered":"http:\/\/www.vesab.de\/wpvesab\/?page_id=6526"},"modified":"2020-06-25T13:04:39","modified_gmt":"2020-06-25T11:04:39","slug":"sportschiessen_wiederladen_longrange","status":"publish","type":"page","link":"https:\/\/www.vesab.de\/wpvesab\/sportschiessen_wiederladen_longrange\/","title":{"rendered":"Sportschie\u00dfen"},"content":{"rendered":"<h3>Long Range + Wiederladen + Zubeh\u00f6r + Langwaffen<\/h3>\n<p>Alle Inhalte auch auf meinem <a href=\"https:\/\/www.youtube.com\/channel\/UCQ-nuHHsIQh2n7PE9FP4tyg\" target=\"_blank\" rel=\"noopener noreferrer\">YouTube-Kanal vprojekte<\/a><\/p>\n<p><a href=\"https:\/\/www.youtube.com\/channel\/UCQ-nuHHsIQh2n7PE9FP4tyg\" target=\"_blank\" rel=\"noopener noreferrer\"><img loading=\"lazy\" decoding=\"async\" class=\"alignnone wp-image-8489 size-large\" src=\"http:\/\/www.vesab.de\/wpvesab\/wp-content\/uploads\/vprojekte_channelbild_05-2000x1110.jpg\" alt=\"\" width=\"560\" height=\"311\" \/><\/a><\/p>\n<p>&nbsp;<\/p>\n<p>Im Sportschie\u00dfen geht es um folgende Bereiche:<\/p>\n<ul>\n<li>Wiederladen<\/li>\n<li>Long Range statisch<\/li>\n<li>Long Range dynamisch &#8211; Practical Long Range Shooting<\/li>\n<li>IPSC<\/li>\n<li>Sportschie\u00dfen allgemein<\/li>\n<li>Langwaffen<\/li>\n<li>Wettk\u00e4mpfe und Wettkampfst\u00e4tten<\/li>\n<li>Zubeh\u00f6r zum Sportschie\u00dfen, z.B. Zielfernrohre<\/li>\n<li>Schie\u00dfanlagen<\/li>\n<li>Sicherheit<\/li>\n<\/ul>\n<p>Im Bereich <a href=\"https:\/\/www.vesab.de\/wpvesab\/category\/schiesssport\/\">Schie\u00dfsport<\/a> gibt es z. B. folgende Kategorien:<\/p>\n<ul>\n<li><a href=\"https:\/\/www.vesab.de\/wpvesab\/category\/long-range\/\">Long Range<\/a><\/li>\n<li><a href=\"https:\/\/www.vesab.de\/wpvesab\/category\/schiesssport\/wiederladen\/\">Wiederladen<\/a><\/li>\n<li><a href=\"https:\/\/www.vesab.de\/wpvesab\/category\/schiesssport\/langwaffen\/\">Langwaffen<\/a><\/li>\n<\/ul>\n<p>&nbsp;<\/p>\n<p>&nbsp;<\/p>\n<h3>Kurzinfo Wiederladen<\/h3>\n<p>Das Wiederladen von Patronen ist f\u00fcr die Jagd und Sportsch\u00fctzen interessant. Um m\u00f6glichst eine hohe Pr\u00e4zision zu erreichen, kann man den Wiederladeprozess optimieren und durch Versuche die beste Gewehr-Patronen-Kombination herausfinden. Durch die vielf\u00e4ltigen Komponenten sind zahlreiche Versuche notwendig, um Erfolg zu haben. Dabei spielen die genauen Berechnungen, das pr\u00e4zise Herstellen der Munition und die ordentlichen Messungen eine gro\u00dfe Rolle. In diesem Bereich werden einige M\u00f6glichkeiten aufgezeigt und auch Anleitungen f\u00fcr kleinere Projekte beschrieben.<\/p>\n<p>&nbsp;<\/p>\n<p><img loading=\"lazy\" decoding=\"async\" class=\"alignnone size-full wp-image-6536\" src=\"http:\/\/www.vesab.de\/wpvesab\/wp-content\/uploads\/baltice_berichte_1200_wiederladen_04.jpg\" alt=\"\" width=\"1200\" height=\"801\" srcset=\"https:\/\/www.vesab.de\/wpvesab\/wp-content\/uploads\/baltice_berichte_1200_wiederladen_04.jpg 1200w, https:\/\/www.vesab.de\/wpvesab\/wp-content\/uploads\/baltice_berichte_1200_wiederladen_04-300x200.jpg 300w, https:\/\/www.vesab.de\/wpvesab\/wp-content\/uploads\/baltice_berichte_1200_wiederladen_04-768x513.jpg 768w, https:\/\/www.vesab.de\/wpvesab\/wp-content\/uploads\/baltice_berichte_1200_wiederladen_04-1180x788.jpg 1180w\" sizes=\"auto, (max-width: 1200px) 100vw, 1200px\" \/><\/p>\n<p>Alle Themen zum Wiederladen findet ihr unter dem Stichpunkt <a href=\"http:\/\/www.vesab.de\/wpvesab\/category\/wiederladen\/\">Wiederladen<\/a>.<\/p>\n","protected":false},"excerpt":{"rendered":"<p>Long Range + Wiederladen + Zubeh\u00f6r + Langwaffen Alle Inhalte auch auf meinem YouTube-Kanal vprojekte &nbsp; Im Sportschie\u00dfen geht es um folgende Bereiche: Wiederladen Long Range statisch Long Range dynamisch &#8211; Practical Long Range&#46;&#46;&#46;<\/p>\n","protected":false},"author":2,"featured_media":0,"parent":0,"menu_order":8,"comment_status":"closed","ping_status":"closed","template":"","meta":{"footnotes":""},"class_list":["post-6526","page","type-page","status-publish","hentry"],"_links":{"self":[{"href":"https:\/\/www.vesab.de\/wpvesab\/wp-json\/wp\/v2\/pages\/6526","targetHints":{"allow":["GET"]}}],"collection":[{"href":"https:\/\/www.vesab.de\/wpvesab\/wp-json\/wp\/v2\/pages"}],"about":[{"href":"https:\/\/www.vesab.de\/wpvesab\/wp-json\/wp\/v2\/types\/page"}],"author":[{"embeddable":true,"href":"https:\/\/www.vesab.de\/wpvesab\/wp-json\/wp\/v2\/users\/2"}],"replies":[{"embeddable":true,"href":"https:\/\/www.vesab.de\/wpvesab\/wp-json\/wp\/v2\/comments?post=6526"}],"version-history":[{"count":0,"href":"https:\/\/www.vesab.de\/wpvesab\/wp-json\/wp\/v2\/pages\/6526\/revisions"}],"wp:attachment":[{"href":"https:\/\/www.vesab.de\/wpvesab\/wp-json\/wp\/v2\/media?parent=6526"}],"curies":[{"name":"wp","href":"https:\/\/api.w.org\/{rel}","templated":true}]}}